{"id":42,"date":"2017-01-03T12:27:40","date_gmt":"2017-01-03T18:27:40","guid":{"rendered":"https:\/\/www.arquidiocesismty.org\/arquimty\/?page_id=42"},"modified":"2017-06-27T12:52:38","modified_gmt":"2017-06-27T17:52:38","slug":"noticias","status":"publish","type":"page","link":"https:\/\/www.arquidiocesismty.org\/arquimty\/","title":{"rendered":"Noticias"},"content":{"rendered":"<p>[vc_row][vc_column]<div class=\"column_filters\"><div class=\"blog_wrapper isotope_wrapper clearfix\"><div class=\"posts_group lm_wrapper col-2 classic\"><div class=\"post-item isotope-item clearfix post-18070 post type-post status-publish format-standard has-post-thumbnail hentry category-arquidiocesis category-noticias tag-arquidiocesis-de-monterrey tag-jueves-santo tag-semana-santa\" style=\"\"><div class=\"date_label\">03\/04\/2026<\/div><div class=\"image_frame post-photo-wrapper scale-with-grid image\"><div class=\"image_wrapper\"><a href=\"https:\/\/www.arquidiocesismty.org\/arquimty\/jueves-santo-la-familia-clave-para-aprender-el-servicio\/\"><div class=\"mask\"><\/div><img width=\"1440\" height=\"804\" src=\"https:\/\/www.arquidiocesismty.org\/arquimty\/wp-content\/uploads\/2026\/04\/escudo-6.png\" class=\"scale-with-grid wp-post-image\" alt=\"\" decoding=\"async\" loading=\"lazy\" srcset=\"https:\/\/www.arquidiocesismty.org\/arquimty\/wp-content\/uploads\/2026\/04\/escudo-6.png 1440w, https:\/\/www.arquidiocesismty.org\/arquimty\/wp-content\/uploads\/2026\/04\/escudo-6-300x168.png 300w, https:\/\/www.arquidiocesismty.org\/arquimty\/wp-content\/uploads\/2026\/04\/escudo-6-1280x715.png 1280w, https:\/\/www.arquidiocesismty.org\/arquimty\/wp-content\/uploads\/2026\/04\/escudo-6-768x429.png 768w, https:\/\/www.arquidiocesismty.org\/arquimty\/wp-content\/uploads\/2026\/04\/escudo-6-260x146.png 260w, https:\/\/www.arquidiocesismty.org\/arquimty\/wp-content\/uploads\/2026\/04\/escudo-6-50x28.png 50w, https:\/\/www.arquidiocesismty.org\/arquimty\/wp-content\/uploads\/2026\/04\/escudo-6-134x75.png 134w\" sizes=\"(max-width: 1440px) 100vw, 1440px\" \/><\/a><div class=\"image_links double\"><a href=\"https:\/\/www.arquidiocesismty.org\/arquimty\/wp-content\/uploads\/2026\/04\/escudo-6-1280x715.png\" class=\"zoom\" rel=\"prettyphoto\"><i class=\"icon-search\"><\/i><\/a><a href=\"https:\/\/www.arquidiocesismty.org\/arquimty\/jueves-santo-la-familia-clave-para-aprender-el-servicio\/\" class=\"link\"><i class=\"icon-link\"><\/i><\/a><\/div><\/div><\/div><div class=\"post-desc-wrapper bg-\" style=\"\"><div class=\"post-desc\"><div class=\"post-head\"><\/div><div class=\"post-title\"><h2 class=\"entry-title\" itemprop=\"headline\"><a href=\"https:\/\/www.arquidiocesismty.org\/arquimty\/jueves-santo-la-familia-clave-para-aprender-el-servicio\/\">JUEVES SANTO: LA FAMILIA CLAVE PARA APRENDER EL SERVICIO<\/a><\/h2><\/div><div class=\"post-excerpt\">En el marco de la celebraci\u00f3n del Jueves Santo, la Catedral Metropolitana de Monterrey reuni\u00f3 a numerosos fieles que acudieron para conmemorar la instituci\u00f3n de la<span class=\"excerpt-hellip\"> [\u2026]<\/span><\/div><div class=\"post-footer\"><div class=\"button-love\"><span class=\"love-text\">Do you like it?<\/span><\/div><div class=\"post-links\"><i class=\"icon-doc-text\"><\/i> <a href=\"https:\/\/www.arquidiocesismty.org\/arquimty\/jueves-santo-la-familia-clave-para-aprender-el-servicio\/\" class=\"post-more\">Ver M\u00e1s<\/a><\/div><\/div><\/div><\/div><\/div><div class=\"post-item isotope-item clearfix post-18065 post type-post status-publish format-standard has-post-thumbnail hentry category-arquidiocesis category-noticias tag-semana-santa-arzobispo-iglesia\" style=\"\"><div class=\"date_label\">01\/04\/2026<\/div><div class=\"image_frame post-photo-wrapper scale-with-grid image\"><div class=\"image_wrapper\"><a href=\"https:\/\/www.arquidiocesismty.org\/arquimty\/la-gratitud-crea-comunion-sacerdotes-renuevan-su-mision-en-la-misa-crismal-en-monterrey\/\"><div class=\"mask\"><\/div><img width=\"1440\" height=\"804\" src=\"https:\/\/www.arquidiocesismty.org\/arquimty\/wp-content\/uploads\/2026\/04\/crismaa.png\" class=\"scale-with-grid wp-post-image\" alt=\"\" decoding=\"async\" loading=\"lazy\" srcset=\"https:\/\/www.arquidiocesismty.org\/arquimty\/wp-content\/uploads\/2026\/04\/crismaa.png 1440w, https:\/\/www.arquidiocesismty.org\/arquimty\/wp-content\/uploads\/2026\/04\/crismaa-300x168.png 300w, https:\/\/www.arquidiocesismty.org\/arquimty\/wp-content\/uploads\/2026\/04\/crismaa-1280x715.png 1280w, https:\/\/www.arquidiocesismty.org\/arquimty\/wp-content\/uploads\/2026\/04\/crismaa-768x429.png 768w, https:\/\/www.arquidiocesismty.org\/arquimty\/wp-content\/uploads\/2026\/04\/crismaa-260x146.png 260w, https:\/\/www.arquidiocesismty.org\/arquimty\/wp-content\/uploads\/2026\/04\/crismaa-50x28.png 50w, https:\/\/www.arquidiocesismty.org\/arquimty\/wp-content\/uploads\/2026\/04\/crismaa-134x75.png 134w\" sizes=\"(max-width: 1440px) 100vw, 1440px\" \/><\/a><div class=\"image_links double\"><a href=\"https:\/\/www.arquidiocesismty.org\/arquimty\/wp-content\/uploads\/2026\/04\/crismaa-1280x715.png\" class=\"zoom\" rel=\"prettyphoto\"><i class=\"icon-search\"><\/i><\/a><a href=\"https:\/\/www.arquidiocesismty.org\/arquimty\/la-gratitud-crea-comunion-sacerdotes-renuevan-su-mision-en-la-misa-crismal-en-monterrey\/\" class=\"link\"><i class=\"icon-link\"><\/i><\/a><\/div><\/div><\/div><div class=\"post-desc-wrapper bg-\" style=\"\"><div class=\"post-desc\"><div class=\"post-head\"><\/div><div class=\"post-title\"><h2 class=\"entry-title\" itemprop=\"headline\"><a href=\"https:\/\/www.arquidiocesismty.org\/arquimty\/la-gratitud-crea-comunion-sacerdotes-renuevan-su-mision-en-la-misa-crismal-en-monterrey\/\">&#8220;LA GRATITUD CREA COMUNI\u00d3N: SACERDOTES RENUEVAN SU MISI\u00d3N EN LA MISA CRISMAL EN MONTERREY<\/a><\/h2><\/div><div class=\"post-excerpt\">En un ambiente de fe, comuni\u00f3n y profunda gratitud, la Arquidi\u00f3cesis de Monterrey celebr\u00f3 la tradicional Misa Crismal en la Bas\u00edlica de Nuestra Se\u00f1ora del Roble,<span class=\"excerpt-hellip\"> [\u2026]<\/span><\/div><div class=\"post-footer\"><div class=\"button-love\"><span class=\"love-text\">Do you like it?<\/span><\/div><div class=\"post-links\"><i class=\"icon-doc-text\"><\/i> <a href=\"https:\/\/www.arquidiocesismty.org\/arquimty\/la-gratitud-crea-comunion-sacerdotes-renuevan-su-mision-en-la-misa-crismal-en-monterrey\/\" class=\"post-more\">Ver M\u00e1s<\/a><\/div><\/div><\/div><\/div><\/div><div class=\"post-item isotope-item clearfix post-18063 post type-post status-publish format-standard has-post-thumbnail hentry category-arquidiocesis category-noticias tag-arquidiocesis-de-monterrey tag-arzobispo-de-monterrey\" style=\"\"><div class=\"date_label\">30\/03\/2026<\/div><div class=\"image_frame post-photo-wrapper scale-with-grid image\"><div class=\"image_wrapper\"><a href=\"https:\/\/www.arquidiocesismty.org\/arquimty\/el-papa-leon-nombra-a-monsenor-cabrera-lopez-miembro-del-dicasterio-para-la-promocion-humana-integral\/\"><div class=\"mask\"><\/div><img width=\"1440\" height=\"804\" src=\"https:\/\/www.arquidiocesismty.org\/arquimty\/wp-content\/uploads\/2025\/10\/leonxiv.png\" class=\"scale-with-grid wp-post-image\" alt=\"\" decoding=\"async\" loading=\"lazy\" srcset=\"https:\/\/www.arquidiocesismty.org\/arquimty\/wp-content\/uploads\/2025\/10\/leonxiv.png 1440w, https:\/\/www.arquidiocesismty.org\/arquimty\/wp-content\/uploads\/2025\/10\/leonxiv-300x168.png 300w, https:\/\/www.arquidiocesismty.org\/arquimty\/wp-content\/uploads\/2025\/10\/leonxiv-1280x715.png 1280w, https:\/\/www.arquidiocesismty.org\/arquimty\/wp-content\/uploads\/2025\/10\/leonxiv-768x429.png 768w, https:\/\/www.arquidiocesismty.org\/arquimty\/wp-content\/uploads\/2025\/10\/leonxiv-260x146.png 260w, https:\/\/www.arquidiocesismty.org\/arquimty\/wp-content\/uploads\/2025\/10\/leonxiv-50x28.png 50w, https:\/\/www.arquidiocesismty.org\/arquimty\/wp-content\/uploads\/2025\/10\/leonxiv-134x75.png 134w\" sizes=\"(max-width: 1440px) 100vw, 1440px\" \/><\/a><div class=\"image_links double\"><a href=\"https:\/\/www.arquidiocesismty.org\/arquimty\/wp-content\/uploads\/2025\/10\/leonxiv-1280x715.png\" class=\"zoom\" rel=\"prettyphoto\"><i class=\"icon-search\"><\/i><\/a><a href=\"https:\/\/www.arquidiocesismty.org\/arquimty\/el-papa-leon-nombra-a-monsenor-cabrera-lopez-miembro-del-dicasterio-para-la-promocion-humana-integral\/\" class=\"link\"><i class=\"icon-link\"><\/i><\/a><\/div><\/div><\/div><div class=\"post-desc-wrapper bg-\" style=\"\"><div class=\"post-desc\"><div class=\"post-head\"><\/div><div class=\"post-title\"><h2 class=\"entry-title\" itemprop=\"headline\"><a href=\"https:\/\/www.arquidiocesismty.org\/arquimty\/el-papa-leon-nombra-a-monsenor-cabrera-lopez-miembro-del-dicasterio-para-la-promocion-humana-integral\/\">EL PAPA LE\u00d3N NOMBRA A MONSE\u00d1OR CABRERA L\u00d3PEZ MIEMBRO DEL DICASTERIO PARA LA PROMOCI\u00d3N HUMANA INTEGRAL<\/a><\/h2><\/div><div class=\"post-excerpt\">El arzobispo de Monterrey, Rogelio Cabrera L\u00f3pez, fue nombrado miembro del Dicasterio para la Promoci\u00f3n del Desarrollo Humano Integral, organismo de la Santa Sede encargado de<span class=\"excerpt-hellip\"> [\u2026]<\/span><\/div><div class=\"post-footer\"><div class=\"button-love\"><span class=\"love-text\">Do you like it?<\/span><\/div><div class=\"post-links\"><i class=\"icon-doc-text\"><\/i> <a href=\"https:\/\/www.arquidiocesismty.org\/arquimty\/el-papa-leon-nombra-a-monsenor-cabrera-lopez-miembro-del-dicasterio-para-la-promocion-humana-integral\/\" class=\"post-more\">Ver M\u00e1s<\/a><\/div><\/div><\/div><\/div><\/div><div class=\"post-item isotope-item clearfix post-18052 post type-post status-publish format-standard has-post-thumbnail hentry category-arquidiocesis category-noticias\" style=\"\"><div class=\"date_label\">29\/03\/2026<\/div><div class=\"image_frame post-photo-wrapper scale-with-grid image\"><div class=\"image_wrapper\"><a href=\"https:\/\/www.arquidiocesismty.org\/arquimty\/nuevo-nombramiento-del-santo-padre-para-nuestro-arzobispo\/\"><div class=\"mask\"><\/div><img width=\"898\" height=\"900\" src=\"https:\/\/www.arquidiocesismty.org\/arquimty\/wp-content\/uploads\/1774\/59\/nuevo_nombramiento-del_santo_padre_para_nuestro_arzobispo-898x900.jpeg\" class=\"scale-with-grid wp-post-image\" alt=\"\" decoding=\"async\" loading=\"lazy\" srcset=\"https:\/\/www.arquidiocesismty.org\/arquimty\/wp-content\/uploads\/1774\/59\/nuevo_nombramiento-del_santo_padre_para_nuestro_arzobispo-898x900.jpeg 898w, https:\/\/www.arquidiocesismty.org\/arquimty\/wp-content\/uploads\/1774\/59\/nuevo_nombramiento-del_santo_padre_para_nuestro_arzobispo-160x160.jpeg 160w, https:\/\/www.arquidiocesismty.org\/arquimty\/wp-content\/uploads\/1774\/59\/nuevo_nombramiento-del_santo_padre_para_nuestro_arzobispo-85x85.jpeg 85w, https:\/\/www.arquidiocesismty.org\/arquimty\/wp-content\/uploads\/1774\/59\/nuevo_nombramiento-del_santo_padre_para_nuestro_arzobispo-80x80.jpeg 80w\" sizes=\"(max-width: 898px) 100vw, 898px\" \/><\/a><div class=\"image_links double\"><a href=\"https:\/\/www.arquidiocesismty.org\/arquimty\/wp-content\/uploads\/1774\/59\/nuevo_nombramiento-del_santo_padre_para_nuestro_arzobispo.jpeg\" class=\"zoom\" rel=\"prettyphoto\"><i class=\"icon-search\"><\/i><\/a><a href=\"https:\/\/www.arquidiocesismty.org\/arquimty\/nuevo-nombramiento-del-santo-padre-para-nuestro-arzobispo\/\" class=\"link\"><i class=\"icon-link\"><\/i><\/a><\/div><\/div><\/div><div class=\"post-desc-wrapper bg-\" style=\"\"><div class=\"post-desc\"><div class=\"post-head\"><\/div><div class=\"post-title\"><h2 class=\"entry-title\" itemprop=\"headline\"><a href=\"https:\/\/www.arquidiocesismty.org\/arquimty\/nuevo-nombramiento-del-santo-padre-para-nuestro-arzobispo\/\">Nuevo nombramiento del Santo Padre para nuestro Arzobispo<\/a><\/h2><\/div><div class=\"post-excerpt\">Les informamos que el Papa Le\u00f3n XIV ha nombrado a nuestro arzobispo S.E. Mons. Rogelio Cabrera Lopez, miembro del del Dicasterio para la Promoci\u00f3n del Desarrollo<span class=\"excerpt-hellip\"> [\u2026]<\/span><\/div><div class=\"post-footer\"><div class=\"button-love\"><span class=\"love-text\">Do you like it?<\/span><\/div><div class=\"post-links\"><i class=\"icon-doc-text\"><\/i> <a href=\"https:\/\/www.arquidiocesismty.org\/arquimty\/nuevo-nombramiento-del-santo-padre-para-nuestro-arzobispo\/\" class=\"post-more\">Ver M\u00e1s<\/a><\/div><\/div><\/div><\/div><\/div><\/div><div class=\"column one pager_wrapper\"><div class=\"pager\"><div class=\"pages\"><a href=\"https:\/\/www.arquidiocesismty.org\/arquimty\/wp-json\/wp\/v2\/pages\/42\" class=\"page active\">1<\/a><a href=\"https:\/\/www.arquidiocesismty.org\/arquimty\/wp-json\/wp\/v2\/pages\/42\/page\/2\/\" class=\"page\">2<\/a><a href=\"https:\/\/www.arquidiocesismty.org\/arquimty\/wp-json\/wp\/v2\/pages\/42\/page\/3\/\" class=\"page\">3<\/a><span class=\"page\">...<\/span><a href=\"https:\/\/www.arquidiocesismty.org\/arquimty\/wp-json\/wp\/v2\/pages\/42\/page\/699\/\" class=\"page\">699<\/a><\/div><a class=\"next_page\" href=\"https:\/\/www.arquidiocesismty.org\/arquimty\/wp-json\/wp\/v2\/pages\/42\/page\/2\/\">Siguiente<i class=\"icon-right-open\"><\/i><\/a><\/div><\/div>\n<\/div>\n<\/div>\n[\/vc_column][\/vc_row]<\/p>\n","protected":false},"excerpt":{"rendered":"<p>[vc_row][vc_column][\/vc_column][\/vc_row]<\/p>\n","protected":false},"author":1,"featured_media":0,"parent":0,"menu_order":0,"comment_status":"closed","ping_status":"closed","template":"","meta":[],"_links":{"self":[{"href":"https:\/\/www.arquidiocesismty.org\/arquimty\/wp-json\/wp\/v2\/pages\/42"}],"collection":[{"href":"https:\/\/www.arquidiocesismty.org\/arquimty\/wp-json\/wp\/v2\/pages"}],"about":[{"href":"https:\/\/www.arquidiocesismty.org\/arquimty\/wp-json\/wp\/v2\/types\/page"}],"author":[{"embeddable":true,"href":"https:\/\/www.arquidiocesismty.org\/arquimty\/wp-json\/wp\/v2\/users\/1"}],"replies":[{"embeddable":true,"href":"https:\/\/www.arquidiocesismty.org\/arquimty\/wp-json\/wp\/v2\/comments?post=42"}],"version-history":[{"count":5,"href":"https:\/\/www.arquidiocesismty.org\/arquimty\/wp-json\/wp\/v2\/pages\/42\/revisions"}],"predecessor-version":[{"id":1551,"href":"https:\/\/www.arquidiocesismty.org\/arquimty\/wp-json\/wp\/v2\/pages\/42\/revisions\/1551"}],"wp:attachment":[{"href":"https:\/\/www.arquidiocesismty.org\/arquimty\/wp-json\/wp\/v2\/media?parent=42"}],"curies":[{"name":"wp","href":"https:\/\/api.w.org\/{rel}","templated":true}]}}