{"id":10460,"date":"2019-09-26T10:52:15","date_gmt":"2019-09-26T15:52:15","guid":{"rendered":"https:\/\/www.arquidiocesismty.org\/arquimty\/?page_id=10460"},"modified":"2025-02-28T13:44:35","modified_gmt":"2025-02-28T19:44:35","slug":"parroquia-verde","status":"publish","type":"page","link":"https:\/\/www.arquidiocesismty.org\/arquimty\/parroquia-verde\/","title":{"rendered":"Parroquia Verde"},"content":{"rendered":"<p>[vc_row full_width=&#8221;stretch_row&#8221; css=&#8221;.vc_custom_1620678849359{margin-top: -30px !important;padding-top: 155px !important;padding-bottom: 155px !important;background-image: url(https:\/\/www.arquidiocesismty.org\/arquimty\/wp-content\/uploads\/2021\/05\/Banner-FB-04.png?id=14224) !important;background-position: center !important;background-repeat: no-repeat !important;background-size: cover !important;}&#8221; el_class=&#8221;banner-top-image&#8221;][vc_column css=&#8221;.vc_custom_1486077001942{margin-bottom: 0px !important;padding-top: 0px !important;}&#8221;][\/vc_column][\/vc_row][vc_row css=&#8221;.vc_custom_1569532640487{padding-top: 25px !important;padding-bottom: 60px !important;}&#8221;][vc_column][vc_tta_tour style=&#8221;outline&#8221; spacing=&#8221;2&#8243; gap=&#8221;2&#8243; active_section=&#8221;1&#8243; css_animation=&#8221;fadeIn&#8221; no_fill_content_area=&#8221;true&#8221; el_class=&#8221;parroquia-verde-content&#8221;][vc_tta_section title=&#8221;QUIENES SOMOS&#8221; tab_id=&#8221;quienes-somos&#8221;][vc_column_text]<\/p>\n<h4><span style=\"color: #7dbf7a;\"><span style=\"font-weight: 500;\">PASTORAL <span style=\"color: #7dbf7a;\">VERDE<\/span> ARQUIDIOCESANA<\/span><\/span><\/h4>\n<p>La Pastoral Verde inicia actividades formalmente en la Arquidi\u00f3cesis de Monterrey el 27 de septiembre del 2019 con el lanzamiento del programa Haz Verde tu parroquia buscando atender el llamado urgente que hace el Papa Francisco en su enc\u00edclica Laudato Si\u00b4 de responder ante el\u00a0 clamor de la creaci\u00f3n sumergida en una profunda crisis socio ambiental, de la cual el \u00e1rea Metropolitana de Monterrey no es la excepci\u00f3n en sufrir las consecuencias.<\/p>\n<h4><span style=\"color: #7dbf7a;\">Equipo<\/span><\/h4>\n<p>Esta Pastoral forma parte de la Comisi\u00f3n Arquidiocesana de Medio Ambiente y se conforma por un equipo de trabajo\u00a0 de laicos y laicas y una religiosa; el cu\u00e1l es\u00a0 asesorado por los sacerdotes diocesanos el Pbro. Alejandro Beltr\u00e1n Garza y el Pbro. Luis Eduardo Villarreal R\u00edos.<\/p>\n<h4><span style=\"color: #7dbf7a;\">Misi\u00f3n<\/span><\/h4>\n<p>Incidir en el coraz\u00f3n de las comunidades de la Arquidi\u00f3cesis de Monterrey para propiciar la b\u00fasqueda de un desarrollo sostenible e integral inspirados en la Enc\u00edclica Laudato Si\u00b4.<\/p>\n<h4><span style=\"color: #7dbf7a;\">L\u00edneas de acci\u00f3n<\/span><\/h4>\n<ol>\n<li><span style=\"color: #7dbf7a;\">Espiritualidad:<\/span> Inspirar una espiritualidad\u00a0 que vela por el cuidado de la creaci\u00f3n de Dios\u00a0 en todas sus manifestaciones de vida reconociendo la dignidad\u00a0 y valor de toda creatura y al planeta, nuestra casa com\u00fan, como un regalo de Dios que es un\u00a0 espacio de encuentro que exige cuidado y del cual somos\u00a0 interdependientes.<\/li>\n<li><span style=\"color: #7dbf7a;\">Educaci\u00f3n:<\/span> Formar y sensibilizar sobre la situaci\u00f3n actual promoviendo un desarrollo sostenible integral.<\/li>\n<li><span style=\"color: #7dbf7a;\">Cultural:<\/span> Motivar cambios de estilo de vida\u00a0 y promover la participaci\u00f3n y el compromiso de la comunidades de la AdM para trabajar en esta misi\u00f3n.<\/li>\n<\/ol>\n<h4><span style=\"color: #7dbf7a;\">Qu\u00e9 ofrecemos<\/span><\/h4>\n<p>Para lograr esta misi\u00f3n contamos con diversos proyectos a los que te invitamos\u00a0 sumarte y responder ante el clamor de los m\u00e1s vulnerables y el clamor de la Tierra. Estos proyectos son aplicables para todas las comunidades de la Arquidi\u00f3cesis de Monterrey como parroquias, familias, escuelas, grupos parroquiales, comunidades religiosas, movimientos, etc. Si est\u00e1s interesado en hacer vida el mensaje de la enc\u00edclica Laudato Si\u00b4 no dudes en contactarnos.<\/p>\n<h4><span style=\"color: #7dbf7a;\">Proyectos:<\/span><\/h4>\n<ol>\n<li style=\"list-style-type: none;\">\n<ol>\n<li aria-level=\"1\"><span style=\"color: #7dbf7a;\">Encuentro Custodios de la Creaci\u00f3n:<\/span> Un espacio de formaci\u00f3n, sensibilizaci\u00f3n y oraci\u00f3n con duraci\u00f3n de 2:30 h en el cual se reflexiona\u00a0 y conoce\u00a0 la problem\u00e1tica socioambiental que vivimos, las\u00a0 acciones que puedes\u00a0 realizar\u00a0 y descubrir la vocaci\u00f3n del cuidado de la creaci\u00f3n a la que Dios nos llama. \u00a1S\u00famate y t\u00fa tambi\u00e9n s\u00e9 un Custodio de la Creaci\u00f3n!<\/li>\n<li aria-level=\"1\"><span style=\"color: #7dbf7a;\">Equipo o Pastoral por el Cuidado de la Creaci\u00f3n en tu comunidad:<\/span> Te invitamos a que formes este equipo o pastoral en tu parroquia, grupo, colegio etc.\u00a0 para que motives\u00a0 acciones\u00a0 en tu comunidad para hacer vida la Laudato Si\u00b4. Cont\u00e1ctanos y te decimos c\u00f3mo iniciar.<\/li>\n<li aria-level=\"1\"><span style=\"color: #7dbf7a;\">Programa Haz Verde tu Comunidad-Iglesia que Cuida de la Creaci\u00f3n:<\/span> Una\u00a0 vez que hayas conformado tu equipo o pastoral por el Cuidado de la Creaci\u00f3n te invitamos a que participes en este programa el cual brinda un reconocimiento por parte de la Arquidi\u00f3cesis de Monterrey por tu trabajo en el cuidado de la creaci\u00f3n. Se compone por una\u00a0 gu\u00eda de 85 posibles acciones en 9 temas principales para que tu comunidad viva la Laudato Si\u00b4.<\/li>\n<li aria-level=\"1\"><span style=\"color: #7dbf7a;\">Celebraci\u00f3n Eucar\u00edstica por el Cuidado de la Creaci\u00f3n:<\/span> Celebraci\u00f3n en la Catedral Metropolitana de Monterrey cada segundo domingo de mes enfocada\u00a0 a desarrollar nuestra espiritualidad ecol\u00f3gica y al cuidado de la vida con llamados a la acci\u00f3n.<\/li>\n<li aria-level=\"1\"><span style=\"color: #7dbf7a;\">Campa\u00f1as y actividades:<\/span> Durante fechas u ocasiones\u00a0 especiales organizamos campa\u00f1as y eventos\u00a0 que buscan reforzar y trabajar en este objetivo, te\u00a0 invitamos a sumarte y tambi\u00e9n organizarlos en tu comunidad. Algunas fechas son\u00a0 el D\u00eda de la Tierra (22 de abril), Aniversario Laudato Si\u00b4 (24 de mayo) y la\u00a0 Jornada Mundial de Oraci\u00f3n por el Cuidado de la Creaci\u00f3n (1 de septiembre al 4 de octubre).<\/li>\n<li aria-level=\"1\"><span style=\"color: #7dbf7a;\">Incidencia:<\/span> \u00bfIdentificas alg\u00fan conflicto\/problema socioambiental en el territorio de la Arquidi\u00f3cesis de Monterrey? Cont\u00e1ctanos<\/li>\n<li aria-level=\"1\"><span style=\"color: #7dbf7a;\">Asesor\u00eda:<\/span> \u00bfQuieres implementar un proyecto de reciclaje, iniciar un huerto, composta, reducir tus consumos de energ\u00eda y agua o simplemente iniciar a realizar acciones por el cuidado de la creaci\u00f3n? Cont\u00e1ctanos y con gusto te apoyamos.<\/li>\n<li aria-level=\"1\"><span style=\"color: #7dbf7a;\">Cursos y Capacitaciones:<\/span> \u00bfTienes la inquietud de conocer m\u00e1s u ofrecer un espacio de formaci\u00f3n respecto al tema en tu grupo? Contamos con diversos cursos que podemos impartir en tu comunidad, tambi\u00e9n podemos ajustarnos a tus tiempos y\u00a0 necesidades. Aqu\u00ed te compartimos algunos:\n<ul>\n<li aria-level=\"2\">\u00a0Huerto y Composta<\/li>\n<li aria-level=\"2\">Introducci\u00f3n a Laudato Si\u00b4<\/li>\n<li aria-level=\"2\">Incidencia Socioambiental<\/li>\n<li aria-level=\"2\">Alimentaci\u00f3n Saludable y Sostenible<\/li>\n<li aria-level=\"2\">Midiendo mi Huella Ecol\u00f3gica<\/li>\n<li aria-level=\"2\">\u00a0Cambio Clim\u00e1tico<\/li>\n<li aria-level=\"2\">Consumo Responsable-Contra la Cultura del Descarte<\/li>\n<li aria-level=\"2\">C\u00f3mo hacer un C\u00edrculo Laudato si\u00b4<\/li>\n<li aria-level=\"2\">Reforestaci\u00f3n<\/li>\n<li aria-level=\"2\">Valorando la biodiversidad de Nuevo Le\u00f3n<\/li>\n<li aria-level=\"2\">Conociendo a la Pastoral Verde<\/li>\n<li aria-level=\"2\">\u00bfAnte la situaci\u00f3n actual, qu\u00e9 puedo hacer?<\/li>\n<\/ul>\n<\/li>\n<\/ol>\n<\/li>\n<\/ol>\n<p>[\/vc_column_text][vc_row_inner][vc_column_inner width=&#8221;1\/3&#8243;][vc_column_text]<\/p>\n<h4><span style=\"color: #7dbf7a;\">Para recibir m\u00e1s informaci\u00f3n comun\u00edcate a la Pastoral Verde Diocesana<\/span><\/h4>\n<p><strong>Email:<\/strong> <a href=\"mailto:parroquiaverde@iglesiademonterrey.com\">parroquiaverde@iglesiademonterrey.com<\/a><\/p>\n<p><b>Direcci\u00f3n<\/b><strong>:<\/strong> Privada Miguel F. Mart\u00ednez 625<\/p>\n<p><strong>Tel:<\/strong> <a href=\"tel:1158-2718\">1158-2718<\/a>[\/vc_column_text][vc_icon icon_fontawesome=&#8221;fa fa-twitter&#8221; color=&#8221;white&#8221; background_style=&#8221;rounded&#8221; background_color=&#8221;custom&#8221; size=&#8221;sm&#8221; link=&#8221;url:https%3A%2F%2Ftwitter.com%2F%40PastoralVerde||target:%20_blank|&#8221; custom_background_color=&#8221;#7cbe7a&#8221; el_class=&#8221;icon-float-left&#8221;][vc_icon icon_fontawesome=&#8221;fa fa-instagram&#8221; color=&#8221;white&#8221; background_style=&#8221;rounded&#8221; background_color=&#8221;custom&#8221; size=&#8221;sm&#8221; link=&#8221;url:https%3A%2F%2Fwww.instagram.com%2Fpastoralverde%2F||target:%20_blank|&#8221; custom_background_color=&#8221;#7cbe7a&#8221; el_class=&#8221;icon-float-left&#8221;][vc_icon icon_fontawesome=&#8221;fa fa-facebook&#8221; color=&#8221;white&#8221; background_style=&#8221;rounded&#8221; background_color=&#8221;custom&#8221; size=&#8221;sm&#8221; link=&#8221;url:https%3A%2F%2Fwww.facebook.com%2FPastoralVerde-110475510297513%2F||target:%20_blank|&#8221; custom_background_color=&#8221;#7cbe7a&#8221; el_class=&#8221;icon-float-left&#8221;][vc_icon icon_fontawesome=&#8221;fab fa-youtube&#8221; color=&#8221;white&#8221; background_style=&#8221;rounded&#8221; background_color=&#8221;custom&#8221; size=&#8221;sm&#8221; link=&#8221;url:https%3A%2F%2Fwww.youtube.com%2Fchannel%2FUCBCyUJEVjL_Vp066BLDR3fw|target:_blank&#8221; custom_background_color=&#8221;#7cbe7a&#8221; el_class=&#8221;icon-float-left&#8221;][\/vc_column_inner][vc_column_inner el_class=&#8221;pastoral-verde-contact&#8221; width=&#8221;2\/3&#8243;]\n<div class=\"wpcf7 no-js\" id=\"wpcf7-f10497-o1\" lang=\"es-MX\" dir=\"ltr\">\n<div class=\"screen-reader-response\"><p role=\"status\" aria-live=\"polite\" aria-atomic=\"true\"><\/p> <ul><\/ul><\/div>\n<form action=\"\/arquimty\/wp-json\/wp\/v2\/pages\/10460#wpcf7-f10497-o1\" method=\"post\" class=\"wpcf7-form init\" aria-label=\"Formulario de contacto\" novalidate=\"novalidate\" data-status=\"init\">\n<div style=\"display: none;\">\n<input type=\"hidden\" name=\"_wpcf7\" value=\"10497\" \/>\n<input type=\"hidden\" name=\"_wpcf7_version\" value=\"5.7.6\" \/>\n<input type=\"hidden\" name=\"_wpcf7_locale\" value=\"es_MX\" \/>\n<input type=\"hidden\" name=\"_wpcf7_unit_tag\" value=\"wpcf7-f10497-o1\" \/>\n<input type=\"hidden\" name=\"_wpcf7_container_post\" value=\"0\" \/>\n<input type=\"hidden\" name=\"_wpcf7_posted_data_hash\" value=\"\" \/>\n<\/div>\n<div class=\"column one-second\">\n\t<p><span class=\"wpcf7-form-control-wrap\" data-name=\"Nombre\"><input size=\"40\" class=\"wpcf7-form-control wpcf7-text wpcf7-validates-as-required\" aria-required=\"true\" aria-invalid=\"false\" placeholder=\"Nombre\" value=\"\" type=\"text\" name=\"Nombre\" \/><\/span>\n\t<\/p>\n<\/div>\n<div class=\"column one-second\">\n\t<p><span class=\"wpcf7-form-control-wrap\" data-name=\"Email\"><input size=\"40\" class=\"wpcf7-form-control wpcf7-text wpcf7-email wpcf7-validates-as-required wpcf7-validates-as-email\" aria-required=\"true\" aria-invalid=\"false\" placeholder=\"Email\" value=\"\" type=\"email\" name=\"Email\" \/><\/span>\n\t<\/p>\n<\/div>\n<div class=\"column one\">\n\t<p><span class=\"wpcf7-form-control-wrap\" data-name=\"Asunto\"><input size=\"40\" class=\"wpcf7-form-control wpcf7-text wpcf7-validates-as-required\" aria-required=\"true\" aria-invalid=\"false\" placeholder=\"Asunto\" value=\"\" type=\"text\" name=\"Asunto\" \/><\/span>\n\t<\/p>\n<\/div>\n<div class=\"column one\">\n\t<p><span class=\"wpcf7-form-control-wrap\" data-name=\"Mensaje\"><textarea cols=\"40\" rows=\"7\" class=\"wpcf7-form-control wpcf7-textarea wpcf7-validates-as-required\" aria-required=\"true\" aria-invalid=\"false\" placeholder=\"Mensaje\" name=\"Mensaje\"><\/textarea><\/span>\n\t<\/p>\n<\/div>\n<div class=\"column one\">\n\t<p><input class=\"wpcf7-form-control has-spinner wpcf7-submit\" type=\"submit\" value=\"Enviar\" \/>\n\t<\/p>\n<\/div><div class=\"wpcf7-response-output\" aria-hidden=\"true\"><\/div>\n<\/form>\n<\/div>\n[\/vc_column_inner][\/vc_row_inner][\/vc_tta_section][vc_tta_section title=&#8221;HAZ VERDE TU COMUNIDAD&#8221; tab_id=&#8221;haz-verde-tu-comunidad&#8221;][vc_column_text]<\/p>\n<h4><span style=\"color: #7cbf7a;\">HAZ VERDE TU COMUNIDAD \u2013 Iglesia que Cuida de la Creaci\u00f3n<\/span><\/h4>\n<p>Este programa es un camino de acompa\u00f1amiento para las comunidades\u00a0 de la Arquidi\u00f3cesis de Monterrey que deseen dar vida a la enc\u00edclica Laudato Si\u00b4implementando acciones concretas\u00a0 con el fin de preservar la casa com\u00fan, minimizar su impacto ambiental y procurar\u00a0 el bienestar de la humanidad y de todo ser vivo. El programa est\u00e1 abierto para que participen parroquias, colegios, casa de religiosas o religiosas, comedores comunitarios, grupo o movimientos cat\u00f3licos en el cual se establece una gu\u00eda de acciones sostenibles que pueden realizarse. El prop\u00f3sito no es promover solo un templo e instalaciones sostenibles\u00a0 sino una verdadera comunidad cristiana que vive diferente en su diario vivir.<\/p>\n<p>El programa establece una gu\u00eda de acciones que pueden realizarse y adecuarse en los diferentes contextos. Cada\u00a0 participante decidir\u00e1 el alcance, forma y presupuesto para lograr aquellas que decidan realizar; algunas actividades pueden implementarse sin o con muy poco costo, lo importante es iniciar y ser una Iglesia activa y responsable que ayude a preservar nuestra Casa Com\u00fan.<\/p>\n<p>Para participar en el programa y conocer m\u00e1s informaci\u00f3n te invitamos a escribirnos por correo.<\/p>\n<p>Te invitamos a inscribirte al programa en la siguiente liga: <a href=\"https:\/\/bit.ly\/HAZVERDETUCOMUNIDAD\" target=\"_blank\" rel=\"noopener\">https:\/\/bit.ly\/HAZVERDETUCOMUNIDAD<\/a><\/p>\n<p>Consulta el programa en el siguiente <strong><a href=\"https:\/\/www.arquidiocesismty.org\/arquimty\/wp-content\/uploads\/2022\/03\/V1-HazVerdeTuComunidad.pdf\" target=\"_blank\" rel=\"noopener\">documento<\/a><\/strong><\/p>\n<p>A continuaci\u00f3n queremos reconocer a los participantes de las diferentes ediciones:<\/p>\n<h4><span style=\"color: #7cbf7a;\">Reconocimiento Ciclo 2023-2024<\/span><\/h4>\n<ul>\n<li>Parroquia Universitaria San Juan Bosco<\/li>\n<li>Misi\u00f3n Parroquial \u201cNuestra Se\u00f1ora de los Pobres\u201d<\/li>\n<li>Parroquia San Francisco Xavier<\/li>\n<li>Parroquia de la Cruz del Apostolado<\/li>\n<li>Parroquia Mar\u00eda Auxiliadora<\/li>\n<li>Eco Famdal<\/li>\n<li>Regius Plastic<\/li>\n<li>Colegio Isabel La Cat\u00f3lica<\/li>\n<li>Colegio Tonalli<\/li>\n<\/ul>\n<h4><span style=\"color: #7cbf7a;\">Reconocimiento Ciclo 2022-2023<\/span><\/h4>\n<ul>\n<li>Parroquia Universitaria San Juan Bosco<\/li>\n<li>Misi\u00f3n Parroquial \u201cNuestra Se\u00f1ora de los Pobres\u201d<\/li>\n<li>Parroquia San Francisco Xavier<\/li>\n<li>Parroquia de la Cruz del Apostolado<\/li>\n<li>Parroquia Mar\u00eda Auxiliadora<\/li>\n<li>Eco Famdal<\/li>\n<li>Regius Plastic<\/li>\n<li>Colegio Mexicano AC<\/li>\n<li>Colegio Isabel La Cat\u00f3lica<\/li>\n<li>Colegio Tonalli<\/li>\n<\/ul>\n<h4><span style=\"color: #7cbf7a;\">Reconocimiento Ciclo 2021-2022<\/span><\/h4>\n<ul>\n<li>Parroquia Santa Clara de As\u00eds en Apodaca<\/li>\n<li>Parroquia Universitaria San Juan Bosco en Monterrey<\/li>\n<li>Misi\u00f3n Parroquial \u201cNuestra Se\u00f1ora de los Pobres\u201d en Guadalupe<\/li>\n<li>Parroquia San Francisco Xavier en Guadalupe<\/li>\n<li>Parroquia Se\u00f1or San Jos\u00e9 en Guadalupe<\/li>\n<li>Misi\u00f3n Parroquial Inmaculado Coraz\u00f3n de Mar\u00eda en Garc\u00eda<\/li>\n<li>Familia Vera Valles<\/li>\n<li>Eco Famdal<\/li>\n<li>Regius Plastic<\/li>\n<li>Colegio Mexicano AC<\/li>\n<li>Colegio Isabel La Cat\u00f3lica<\/li>\n<li>Colegio Tonalli<\/li>\n<li>Himalaya International School Monterrey<\/li>\n<\/ul>\n<h4><span style=\"color: #7cbf7a;\">Reconocimiento Ciclo 2020-2021<\/span><\/h4>\n<ul>\n<li>Colegio Mexicano<\/li>\n<li>FAMDAL-Familia de Aliados<\/li>\n<li>Instituto Diaconal de la Arquidi\u00f3cesis de Monterrey<\/li>\n<li>Misi\u00f3n Parroquial Nuestra Se\u00f1ora de los Pobres<\/li>\n<li>Parroquia Cristo Buen Pastor<\/li>\n<li>Parroquia San Francisco Xavier<\/li>\n<li>Parroquia Santa Clara de As\u00eds<\/li>\n<li>Parroquia Santa Filomena<\/li>\n<li>Parroquia Se\u00f1or San Jos\u00e9<\/li>\n<li>Parroquia Universitaria San Juan Bosco<\/li>\n<\/ul>\n<h4><span style=\"color: #7cbf7a;\">Reconocimiento Ciclo 2019-2020<\/span><\/h4>\n<ul>\n<li aria-level=\"1\">Movimiento DIEC, Desarrollo Integral en Cristo<\/li>\n<li aria-level=\"1\">Parroquia Cristo Buen Pastor, Apodaca<\/li>\n<li aria-level=\"1\">Parroquia la Natividad del Se\u00f1or, Santa Catarina<\/li>\n<li aria-level=\"1\">Parroquia San Francisco Xavier, Guadalupe<\/li>\n<li aria-level=\"1\">Parroquia Se\u00f1or San Jos\u00e9, Guadalupe<\/li>\n<\/ul>\n<p>[\/vc_column_text][vc_column_text]<iframe loading=\"lazy\" src=\"https:\/\/www.google.com\/maps\/d\/embed?mid=1UdjxlGl8lkYAHU4RkjPTyX37LyS0Z0o5&amp;ehbc=2E312F&amp;z=11\" width=\"100%\" height=\"400\"><\/iframe>[\/vc_column_text][vc_video link=&#8221;https:\/\/youtu.be\/hKH7BtGDgQc&#8221; align=&#8221;center&#8221;][\/vc_tta_section][vc_tta_section title=&#8221;RECURSOS Y REFERENTES&#8221; tab_id=&#8221;recursos-y-referentes&#8221;][vc_column_text]<\/p>\n<h4><span style=\"color: #7dbf7a;\">RECURSOS Y REFERENTES<\/span><\/h4>\n<p>A continuaci\u00f3n te compartimos algunos recursos que puedes utilizar as\u00ed como los enlaces de algunos referentes de la Iglesia Cat\u00f3lica que tambi\u00e9n trabajan en el tema con quienes colaboramos.<\/p>\n<h4><span style=\"color: #7dbf7a;\">RECURSOS<\/span><\/h4>\n<ul>\n<li aria-level=\"1\"><span style=\"color: #7dbf7a;\">GU\u00cdA DE ACCIONES HAZ VERDE TU COMUNIDAD &#8211; PASTORAL VERDE:<br \/>\n<\/span><a href=\"https:\/\/www.arquidiocesismty.org\/arquimty\/wp-content\/uploads\/2022\/03\/V2-HazVerdeTuComunidad.pdf\" target=\"_blank\" rel=\"noopener\"><strong>Documento<\/strong><\/a><\/li>\n<li aria-level=\"1\">\n<div><a href=\"https:\/\/drive.google.com\/file\/d\/1L2nxvWlUIizQS38e4hBE5eUxi-9-NqsG\/view?usp=sharing\" target=\"_blank\" rel=\"noopener\" data-saferedirecturl=\"https:\/\/www.google.com\/url?q=https:\/\/drive.google.com\/file\/d\/1L2nxvWlUIizQS38e4hBE5eUxi-9-NqsG\/view?usp%3Dsharing&amp;source=gmail&amp;ust=1664380344063000&amp;usg=AOvVaw01Wp-jgv9G9gOmSqf9gnnQ\">GU\u00cdA DE ORACI\u00d3N POR EL DON DEL AGUA EN NUEVO LE\u00d3N<\/a><\/div>\n<div><\/div>\n<\/li>\n<li aria-level=\"1\">\n<div><a href=\"https:\/\/drive.google.com\/file\/d\/19ghaOZxyf1uSiqSPvMG-6Idl_4gYJAxd\/view?usp=sharing\" target=\"_blank\" rel=\"noopener\" data-saferedirecturl=\"https:\/\/www.google.com\/url?q=https:\/\/drive.google.com\/file\/d\/19ghaOZxyf1uSiqSPvMG-6Idl_4gYJAxd\/view?usp%3Dsharing&amp;source=gmail&amp;ust=1664380344063000&amp;usg=AOvVaw14tAVjI_nyjoC6kq3h3io5\">GU\u00cdA DE ACCI\u00d3N POR EL DON DEL AGUA EN NUEVO L\u00c9ON<\/a><\/div>\n<\/li>\n<\/ul>\n<h4><span style=\"color: #7dbf7a;\">REFERENTES\u00a0<\/span><\/h4>\n<ul>\n<li><span style=\"color: #7dbf7a;\">DICASTERIO PARA EL SERVICIO DEL DESARROLLO HUMANO INTEGRAL<\/span><br \/>\n<a href=\"https:\/\/www.humandevelopment.va\/es.html\" target=\"_blank\" rel=\"noopener\">https:\/\/www.humandevelopment.va\/es.html<\/a><\/li>\n<li><span style=\"color: #7dbf7a;\">PLATAFORMA DE ACCI\u00d3N LAUDATO Si\u00b4<\/span><br \/>\n<a href=\"https:\/\/plataformadeaccionlaudatosi.org\/\" target=\"_blank\" rel=\"noopener\">https:\/\/plataformadeaccionlaudatosi.org\/<\/a><\/li>\n<\/ul>\n<ul>\n<li aria-level=\"1\"><span style=\"color: #7dbf7a;\">RED ECLESIAL ECOL\u00d3GICA MESOAMERICANA<\/span><br \/>\n<a href=\"https:\/\/caritasmexicana.org\/publicacion2.php?id=221&amp;fbclid=IwAR0NBsVus-QYNRKHOg9Jt8mJpLq1xI3_Bgg34u39BDLy51nfk_5D7ivRFHs\" target=\"_blank\" rel=\"noopener\">https:\/\/caritasmexicana.org\/publicacion2.php?id=221&amp;fbclid=IwAR0NBsVus-QYNRKHOg9Jt8mJpLq1xI3_Bgg34u39BDLy51nfk_5D7ivRFHs<\/a><\/li>\n<\/ul>\n<ul>\n<li style=\"list-style-type: none;\">\n<ul>\n<li><span style=\"color: #7dbf7a;\">DIMENSI\u00d3N DEL CUIDADO INTEGRAL DE LA CREACI\u00d3N<\/span><br \/>\n<a href=\"https:\/\/caritasmexicana.org\/cuidado-integral-de-la-creacion.php\" target=\"_blank\" rel=\"noopener\">https:\/\/caritasmexicana.org\/cuidado-integral-de-la-creacion.php<\/a><\/li>\n<\/ul>\n<\/li>\n<\/ul>\n<ul>\n<li aria-level=\"1\"><span style=\"color: #7dbf7a;\">MOVIMIENTO LAUDATO Si\u00b4<br \/>\n<a href=\"https:\/\/laudatosimovement.org\/es\/\" target=\"_blank\" rel=\"noopener\">https:\/\/laudatosimovement.org\/es\/<\/a><\/span><\/li>\n<\/ul>\n<p>[\/vc_column_text][\/vc_tta_section][\/vc_tta_tour][\/vc_column][\/vc_row][vc_row][vc_column][\/vc_column][\/vc_row]<\/p>\n","protected":false},"excerpt":{"rendered":"<p>[vc_row full_width=&#8221;stretch_row&#8221; css=&#8221;.vc_custom_1620678849359{margin-top: -30px !important;padding-top: 155px !important;padding-bottom: 155px !important;background-image: url(https:\/\/www.arquidiocesismty.org\/arquimty\/wp-content\/uploads\/2021\/05\/Banner-FB-04.png?id=14224) !important;background-position: center !important;background-repeat: no-repeat !important;background-size: cover !important;}&#8221; el_class=&#8221;banner-top-image&#8221;][vc_column css=&#8221;.vc_custom_1486077001942{margin-bottom: 0px !important;padding-top: 0px !important;}&#8221;][\/vc_column][\/vc_row][vc_row css=&#8221;.vc_custom_1569532640487{padding-top: 25px !important;padding-bottom:<span class=\"excerpt-hellip\"> [\u2026]<\/span><\/p>\n","protected":false},"author":1,"featured_media":0,"parent":0,"menu_order":0,"comment_status":"closed","ping_status":"closed","template":"","meta":[],"_links":{"self":[{"href":"https:\/\/www.arquidiocesismty.org\/arquimty\/wp-json\/wp\/v2\/pages\/10460"}],"collection":[{"href":"https:\/\/www.arquidiocesismty.org\/arquimty\/wp-json\/wp\/v2\/pages"}],"about":[{"href":"https:\/\/www.arquidiocesismty.org\/arquimty\/wp-json\/wp\/v2\/types\/page"}],"author":[{"embeddable":true,"href":"https:\/\/www.arquidiocesismty.org\/arquimty\/wp-json\/wp\/v2\/users\/1"}],"replies":[{"embeddable":true,"href":"https:\/\/www.arquidiocesismty.org\/arquimty\/wp-json\/wp\/v2\/comments?post=10460"}],"version-history":[{"count":77,"href":"https:\/\/www.arquidiocesismty.org\/arquimty\/wp-json\/wp\/v2\/pages\/10460\/revisions"}],"predecessor-version":[{"id":17502,"href":"https:\/\/www.arquidiocesismty.org\/arquimty\/wp-json\/wp\/v2\/pages\/10460\/revisions\/17502"}],"wp:attachment":[{"href":"https:\/\/www.arquidiocesismty.org\/arquimty\/wp-json\/wp\/v2\/media?parent=10460"}],"curies":[{"name":"wp","href":"https:\/\/api.w.org\/{rel}","templated":true}]}}